{"id":17250,"date":"2015-11-04T09:44:16","date_gmt":"2015-11-04T08:44:16","guid":{"rendered":"https:\/\/invee.ch\/?page_id=17250"},"modified":"2025-03-24T11:33:33","modified_gmt":"2025-03-24T10:33:33","slug":"media-events","status":"publish","type":"page","link":"https:\/\/invee.ch\/index.php\/media-events\/","title":{"rendered":"Media &#038; Events"},"content":{"rendered":"<p><div class=\"fusion-fullwidth fullwidth-box fusion-builder-row-1 nonhundred-percent-fullwidth non-hundred-percent-height-scrolling\" style=\"--awb-background-position:left top;--awb-border-sizes-top:0px;--awb-border-sizes-bottom:0px;--awb-border-sizes-left:0px;--awb-border-sizes-right:0px;--awb-border-radius-top-left:0px;--awb-border-radius-top-right:0px;--awb-border-radius-bottom-right:0px;--awb-border-radius-bottom-left:0px;--awb-padding-top:20px;--awb-padding-bottom:20px;--awb-flex-wrap:wrap;\" ><div class=\"fusion-builder-row fusion-row\"><div class=\"fusion-layout-column fusion_builder_column fusion-builder-column-0 fusion_builder_column_1_1 1_1 fusion-one-full fusion-column-first fusion-column-last\" style=\"--awb-bg-size:cover;--awb-margin-top:60px;--awb-margin-bottom:60px;\"><div class=\"fusion-column-wrapper fusion-flex-column-wrapper-legacy\"><div class=\"fusion-text fusion-text-1\"><h2 class=\"cms-heading-inner\" style=\"font-size: 30px; color: #4b4e53; line-height: 36px; text-align: left; font-family: Open Sans; font-weight: 300; font-style: normal; text-transform: uppercase;\">Media &amp; Events<\/h2>\n<\/div><div class=\"fusion-sep-clear\"><\/div><div class=\"fusion-separator fusion-full-width-sep\" style=\"margin-left: auto;margin-right: auto;margin-top:20px;width:100%;\"><\/div><div class=\"fusion-sep-clear\"><\/div><div class=\"fusion-clearfix\"><\/div><\/div><\/div><div class=\"fusion-layout-column fusion_builder_column fusion-builder-column-1 fusion_builder_column_1_1 1_1 fusion-one-full fusion-column-first fusion-column-last fusion-column-no-min-height\" style=\"--awb-bg-size:cover;--awb-margin-bottom:0px;\"><div class=\"fusion-column-wrapper fusion-flex-column-wrapper-legacy\"><div class=\"fusion-tabs fusion-tabs-1 classic nav-is-justified horizontal-tabs icon-position-left mobile-mode-accordion\" style=\"--awb-title-border-radius-top-left:0px;--awb-title-border-radius-top-right:0px;--awb-title-border-radius-bottom-right:0px;--awb-title-border-radius-bottom-left:0px;--awb-inactive-color:#ebeaea;--awb-background-color:#ffffff;--awb-border-color:#ebeaea;--awb-active-border-color:#66696d;\"><div class=\"nav\"><ul class=\"nav-tabs nav-justified\" role=\"tablist\" aria-orientation=\"horizontal\"><li class=\"active\" role=\"presentation\"><a class=\"tab-link\" data-toggle=\"tab\" role=\"tab\" aria-controls=\"tab-27da7150764ef1a0c87\" aria-selected=\"true\" tabindex=\"0\" id=\"fusion-tab-27da7150764ef1a0c87\" href=\"#tab-27da7150764ef1a0c87\"><h4 class=\"fusion-tab-heading\">Vortr\u00e4ge<\/h4><\/a><\/li><li  role=\"presentation\"><a class=\"tab-link\" data-toggle=\"tab\" role=\"tab\" aria-controls=\"tab-75696b67d902128473b\" aria-selected=\"false\" tabindex=\"-1\" id=\"fusion-tab-75696b67d902128473b\" href=\"#tab-75696b67d902128473b\"><h4 class=\"fusion-tab-heading\">Artikel - B\u00fccher - Links<\/h4><\/a><\/li><li  role=\"presentation\"><a class=\"tab-link\" data-toggle=\"tab\" role=\"tab\" aria-controls=\"tab-f893bb313ab0409d903\" aria-selected=\"false\" tabindex=\"-1\" id=\"fusion-tab-f893bb313ab0409d903\" href=\"#tab-f893bb313ab0409d903\"><h4 class=\"fusion-tab-heading\">Publikationen anderer Autoren mit inhaltlicher N\u00e4he<\/h4><\/a><\/li><\/ul><\/div><div class=\"tab-content\"><div class=\"nav fusion-mobile-tab-nav\"><ul class=\"nav-tabs nav-justified\" role=\"tablist\" aria-orientation=\"horizontal\"><li class=\"active\" role=\"presentation\"><a class=\"tab-link\" data-toggle=\"tab\" role=\"tab\" aria-controls=\"tab-27da7150764ef1a0c87\" aria-selected=\"true\" tabindex=\"0\" id=\"mobile-fusion-tab-27da7150764ef1a0c87\" href=\"#tab-27da7150764ef1a0c87\"><h4 class=\"fusion-tab-heading\">Vortr\u00e4ge<\/h4><\/a><\/li><\/ul><\/div><div class=\"tab-pane fade fusion-clearfix in active\" role=\"tabpanel\" tabindex=\"0\" aria-labelledby=\"fusion-tab-27da7150764ef1a0c87\" id=\"tab-27da7150764ef1a0c87\">\n<p><a href=\"https:\/\/thenextgenenterprisesummit.splashthat.com\/\" target=\"_blank\" rel=\"noopener noreferrer\"><strong>E. Hohl &#8211; The NextGen Enterprise Summit. Ministry of Economy and Finance.<\/strong> <\/a><br \/>\nNewWork: Pitfalls of the Power shift Process.\u00a0Paris, France.<br \/>\n<em>(March 27-28,2020)<\/em><\/p>\n<p><strong>E. Hohl &#8211; Holacracy Forum 2018. Holacracy\u2019s Human Side:<\/strong><br \/>\nEmployee\u2019s challenges &amp; required competencies during Holacracy Implementation. Amsterdam, Niederlande. (2018)<\/p>\n<p><strong>E. Hohl &#8211; International Conference on Advances in Leadership &amp; Management.<\/strong><br \/>\nNew Work Pitfalls. In Bangalore, India (2017)<\/p>\n<p><strong>E. Hohl &#8211; Holacracy Implementation Day @ZHAW.<\/strong><br \/>\nZ\u00fcrich, Schweiz (2017)<\/p>\n<p><strong><a href=\"https:\/\/invee.ch\/\/\/\/wp-content\/uploads\/2015\/11\/Lean-Innovation-Plattformstrategie.pdf\" target=\"_blank\" rel=\"noopener noreferrer\">S. von Dombrowski &#8211; \u201eLean Innovation &amp; Plattformstrategie\u201c (pdf-Download)<\/a><\/strong><br \/>\nauf einem ZfU Seminar als Vortrag \u00fcber Modul-, Plattform- und Integralstrategien<\/p>\n<p><strong>S. Schenk &#8211; \u201eIT-Strategie Framework und emotionale Anbindung\u201c<\/strong><br \/>\nim Rahmen eines Ausbildungsstudienganges an der Fachhochschule Bern (2010)<\/p>\n<p><strong>S. von Dombrowski &#8211; \u201eCross Industry Innovation: Potential aus anderen Industrien nutzen\u201c<\/strong><br \/>\nauf Maschinenbautag der FH Konstanz in Konstanz (2010)<\/p>\n<p><strong>S. Schenk &#8211; \u201ePflastersteine auf dem Sourcing-Weg\u201c<\/strong><br \/>\nauf der Summit Product Development in Z\u00fcrich (2009)<\/p>\n<p><strong>S. von Dombrowski &#8211; \u201eCross Industry Innovation: Potential aus anderen Industrien nutzen\u201c<\/strong><br \/>\nbei der ZfU Strategy Academy zum Thema \u201cInnovationen m\u00f6glich machen\u201d in Biel (2009)<\/p>\n<p><strong>S. Schenk &#8211; \u201ePflastersteine auf dem Sourcing-Weg\u201c<\/strong><br \/>\nauf der OOP in M\u00fcnchen (2009)<\/p>\n<p><strong>S. Schenk &#8211; \u201eSourcing heisst Zusammenarbeiten\u201c<\/strong><br \/>\nauf einer Management Veranstaltung in Z\u00fcrich (2009)<\/p>\n<p><strong>S. von Dombrowski &#8211; \u201eInnovation \u2013 Der steile Weg von der Idee bis zum Produkt\u201c<\/strong><br \/>\nKey-Note auf einer Bereichsveranstaltung bei IT-Tochter eines Versicherungskonzerns in D\u00fcsseldorf (2009)<\/p>\n<p><strong>S. von Dombrowski &#8211; \u201eErfolgreiches Change Management in der F&amp;E &#8211; Wie Sie Neuerungen nachhaltig umsetzen\u201c<\/strong><br \/>\nauf der Summit Product Development in Z\u00fcrich (2008)<\/p>\n<p><strong>S. Schenk &#8211; \u201eChange Management \u2013 Leben und Leiden in Ver\u00e4nderungsprozessen\u201c<\/strong><br \/>\nauf einer Management Veranstaltung in Z\u00fcrich (2008)<\/p>\n<p><strong>S. Schenk &#8211; \u201eIT-Strategie Framework\u201c<\/strong><br \/>\nauf Mitarbeiterveranstaltung bei einem IT-Dienstleister in Z\u00fcrich (2008)<\/p>\n<p><strong>S. von Dombrowski &#8211; \u201eEntwicklungsnetzwerke in der Produktinnovation &#8211; St\u00e4rkung der Innovationskraft und Wachstumsf\u00e4higkeit\u201c<\/strong><br \/>\nauf der Innovation 08 in M\u00fcnchen (2008)<\/p>\n<p><strong>S. Schenk &#8211; \u201eHuman Change Management \u2013 Wichtiger Bestandteil erfolgreichen Projektmanagements\u201c<\/strong><br \/>\nauf der OOP in M\u00fcnchen (2008)<\/p>\n<p><strong>S. von Dombrowski &#8211; \u201eH\u00fcrden bei der Umsetzung von Plattform-. und Modulstrategien\u201c<\/strong><br \/>\nauf einer Management Veranstaltung in Z\u00fcrich (2007)<\/p>\n<\/div><div class=\"nav fusion-mobile-tab-nav\"><ul class=\"nav-tabs nav-justified\" role=\"tablist\" aria-orientation=\"horizontal\"><li  role=\"presentation\"><a class=\"tab-link\" data-toggle=\"tab\" role=\"tab\" aria-controls=\"tab-75696b67d902128473b\" aria-selected=\"false\" tabindex=\"-1\" id=\"mobile-fusion-tab-75696b67d902128473b\" href=\"#tab-75696b67d902128473b\"><h4 class=\"fusion-tab-heading\">Artikel - B\u00fccher - Links<\/h4><\/a><\/li><\/ul><\/div><div class=\"tab-pane fade fusion-clearfix\" role=\"tabpanel\" tabindex=\"0\" aria-labelledby=\"fusion-tab-75696b67d902128473b\" id=\"tab-75696b67d902128473b\">\n<p><strong>E. Hohl \u2013 \u00abDer lange Weg zur Holakratie\u00bb<\/strong><br \/>\n<em>Zeitschrift f\u00fcr Organisationsentwicklung Nr. 2 |2019<br \/>\n<\/em>Vom Betriebssystem zum Unternehmensalltag<br \/>\nIn diesem Beitrag wird die Geschichte der Anfa\u0308nge einer Holacracy-Transformation aus der Perspektive der begleitenden Forschung erza\u0308hlt. Fragen der Messbarkeit von Transformationsprozessen in selbstorganisierte Organisationsdesigns werden diskutiert und damit die Unterstu\u0308tzung, die eine Evidenzbasierung fu\u0308r interne und externe Beratung bieten kann. Wichtige Erkenntnisse aus diesem Projekt, die auch fu\u0308r andere und vergleichbare Prozesse bedeutsam sein ko\u0308nnten, werden pra\u0308sentiert.<\/p>\n<p><a href=\"https:\/\/www.linkedin.com\/pulse\/sind-mindset-ver%C3%A4nderungen-von-mitarbeitenden-und-m%C3%B6glich-nadine-jorg\/\" target=\"_blank\" rel=\"noopener noreferrer\"><strong>N. Jorg &#8211; Sind \u00abMindset-Ver\u00e4nderungen (von Mitarbeitenden und F\u00fchrungskr\u00e4ften) m\u00f6glich? &#8211;<\/strong> Gedanken aus entwicklungspsychologischer Sicht<\/a><br \/>\n<em>(Linkedin Artikel, 2019)<\/em><br \/>\n\u00abMit Erreichung jedes neuen Plateaus der Entwicklung wird die Weltsicht umfassender, integrierter, die pers\u00f6nliche Effektivit\u00e4t steigt und man kann zunehmend besser mit Komplexit\u00e4t und Wandel umgehen.\u00bb<\/p>\n<p><strong>E. Hohl \u2013 \u00abHerausforderungen der Holacracy Implementation: L\u00f6sungsans\u00e4tze f\u00fcr die Praxis.\u00bb Unver\u00f6ffentlichtes Manuskript.<\/strong><br \/>\n<em>April 2018<br \/>\n<\/em>Die Implementierung von Holacracy stellt grosse Herausforderungen an Mitarbeitenden und Change-Verantwortlichen. Die grossen Vorz\u00fcge des Modells kommen aufgrund von Stolpersteinen im Transformationsprozess nur verz\u00f6gert zum Tragen. Wir haben durch eine breite Datenanalyse die Haupt Problemfelder der Implementierung identifiziert und durch anerkannten Holacracy Consultants validieren und priorisieren lassen. Anschliessend wurden funktionale und dysfunktionale Anpassungsstrategien untersucht, um Entwicklungsfelder im Softskill-Bereich und Bestpractices f\u00fcr die Implementierungsphase zur Verf\u00fcgung zu stellen.<\/p>\n<p><a href=\"https:\/\/www.linkedin.com\/pulse\/von-der-vision-zur-leistung-f%25C3%25BChrungsarbeit-daniela-zimmermann\/?trackingId=CIvz%2FmglD4tS1Mc%2FJYz0NA%3D%3D\" target=\"_blank\" rel=\"noopener noreferrer\"><strong>D. Zimmermann \u2013 \u00abVon der Vision zur Leistung \u2013 F\u00fchrungsarbeit\u00bb<\/strong><\/a><br \/>\n<em>(LinkedIn Artikel, Januar 2019)<\/em><\/p>\n<p><strong><a href=\"https:\/\/www.linkedin.com\/pulse\/psychologische-sicherheit-und-umgang-mit-vuca-daniela-zimmermann\/?trackingId=u%2FSzvtXl9oBdWuTicJvHiw%3D%3D\" target=\"_blank\" rel=\"noopener noreferrer\">D. Zimmermann \u2013 \u00abPsychologische Sicherheit und Umgang mit VUCA\u00bb<\/a><br \/>\n<\/strong><em>(LinkedIn Artikel, September 2018)<\/em><\/p>\n<p><strong><a href=\"https:\/\/www.linkedin.com\/pulse\/der-steigenden-komplexit%C3%A4t-business-transformation-gerecht-hohl\/\" target=\"_blank\" rel=\"noopener noreferrer\">E. Hohl \u2013 \u00abDer steigenden Komplexit\u00e4t in der Business Transformation gerecht werden\u00bb<\/a><br \/>\n<\/strong><em>(LinkedIn Artikel, September 2018)<br \/>\n<\/em>Der Beitrag widmet sich dem Ph\u00e4nomen des \u00abOrganisationalen Burnouts\u00bb, welches aufgrund der steigenden H\u00e4ufigkeit und Komplexit\u00e4t der Reorganisationen in Unternehmen stattfindet. Dabei wird besonders die Relevanz des Einbezugs vom Technischen und Sozialen System in den Ver\u00e4nderungsmanagement-Massnahmen hervorgehoben. Ein holistischer Approach f\u00fcr eine nachhaltige und vertr\u00e4gliche Transformation wird vorgeschlagen.<\/p>\n<p><strong><a href=\"https:\/\/www.linkedin.com\/pulse\/kann-mein-unternehmen-die-agile-transformation-%25C3%25BCberhaupt-eliana-hohl\/?trackingId=ZkfOx1tq80FY37efcb1S0g%3D%3D\" target=\"_blank\" rel=\"noopener noreferrer\">E. Hohl \u2013 \u00abKann mein Unternehmen die Agile Transformation \u00fcberhaupt meistern?!\u00bb<\/a><br \/>\n<\/strong><em>(LinkedIn Artikel, Oktober 2018)<br \/>\n<\/em>Im Artikel wird die geteilte Erfahrung eigener Kunden dargelegt und wie sie die Gefahren von Agilen Transformationen ohne die Ber\u00fccksichtigung des Status Quos untersch\u00e4tzt haben. \u00a0Welche Entwicklungsschritte sind wann angebracht und welche Faktoren verurteilen eine \u00aball in\u00bb- Transformation vom Anfang an zum Scheitern? <em><br \/>\n<\/em><\/p>\n<p><strong><a href=\"https:\/\/www.linkedin.com\/pulse\/how-can-design-thinking-help-you-overcome-change-resistance-hohl\/?trackingId=gt4ba%2BAoT%2F%2BoxYc0K31DHA%3D%3D\" target=\"_blank\" rel=\"noopener noreferrer\">E. Hohl \u2013 \u201cHow can Design Thinking help you overcome change resistance?\u201d\u00a0<\/a><\/strong><br \/>\n<em>(LinkedIn Artikel, M\u00e4rz 2019)<br \/>\n<\/em>In diesem Artikel werden die Parallele und die m\u00f6glichen Synergien zwischen Design Thinking und Change Management erl\u00e4utert. Dabei wird das Ph\u00e4nomen Ver\u00e4nderungswiderstand analysiert und die \u00abImmunity to change\u00bb Methode f\u00fcr die Offenbarung von tieferliegenden Annahmen vorgestellt. <em><br \/>\n<\/em><\/p>\n<p><strong>N. Jorg &#8211; \u00abNeue Wege zu \u00abPurpose-Driven Businesses\u00bb durch integrale F\u00fchrungskr\u00e4fteentwicklung? &#8211;<\/strong> Konzeption und Durchf\u00fchrung einer Pilotveranstaltung zum Thema \u201eIntegrale F\u00fchrung\u201c bei der Swisscom AG<br \/>\n<em>(Masterarbeit 2018)<\/em><br \/>\nF\u00fchrungskr\u00e4fte werden heutzutage mit immer komplexeren Problemen, einer sich rasant \u00e4ndernden Unternehmenswelt und steigendem Profit-Druck konfrontiert. Dies geht einher mit der Forderung nach pers\u00f6nlicher Weiterentwicklung. Derzeit werden die F\u00fchrungskr\u00e4fte zu wenig von geeigneten Fu\u0308hrungsentwicklungs-Programmen unterst\u00fctzt. Ziel dieser Arbeit ist es daher herauszufinden, wie ein Workshop gestaltet und durchgef\u00fchrt werden k\u00f6nnte, der durch den zukunftsweisenden integralen Ansatz F\u00fchrungskr\u00e4ften bei diesen Herausforderungen hilft.<\/p>\n<p><strong><a href=\"https:\/\/invee.ch\/\/\/\/wp-content\/uploads\/2015\/11\/149_wirtschaftsmagazin_kooperationen_sts_svd.pdf\" target=\"_blank\" rel=\"noopener noreferrer\">S. von Dombrowski \/ S. Schenk &#8211; \u201eKooperationen verstehen und gestalten\u201c (pdf-Download)<\/a><\/strong><br \/>\n<em>(Wirtschaftsmagazin No. 11, M\u00e4rz 2009)<\/em><br \/>\nDie Etablierung von Entwicklungsnetzwerken ist zu einem Erfolgsfaktor fu\u0308r global t\u00e4tige Unternehmen geworden. Um Kooperationen nutzbringend zu gestalten, ist die Organisations- und Prozessreife eines Unternehmens genauso wichtig wie spezifische F\u00e4higkeiten in der Gestaltung der Systemarchitektur und in der Steuerung der Partner.<\/p>\n<p><strong>S. von Dombrowski &#8211; \u201eChange Management in der F&amp;E erfordert viel Fingerspitzengef\u00fchl\u201c<\/strong><br \/>\n<em>(io new management, August 2008)<\/em><br \/>\nVer\u00e4nderungen in F&amp;E Organisationen aufgrund strategischer Neuausrichtungen sind anspruchsvoll. Die Anpassung der Aufbau-, Ablauf- und Produktstrukturen erfordert sorgf\u00e4ltiges Planen \u00fcber Bereichsgrenzen der F&amp;E hinweg und verlangt ein hohes Mass an Disziplin w\u00e4hrend der Umsetzungsphase. Widerst\u00e4nde gegen\u00fcber Ver\u00e4nderungen der Denk- und Verhaltensmuster d\u00fcrfen dabei keinesfalls untersch\u00e4tzt werden.<\/p>\n<p><strong>S. Schenk \/ Prof. Dr. P. Weise &#8211; \u201e\u00d6konomie und Gesellschaft\u201c<\/strong><br \/>\n<em>(Jahrbuch 12: Soziale Kooperationen, Campus Verlag)<\/em><br \/>\nAuszug aus dem Editorial: &#8222;Die streng spieltheoretischen Annahmen weichen Stefan Schenk und Prof. Dr. Peter Weise in ihrem Beitrag &#8218;Zur Evolution von Kooperation&#8216; auf. (&#8230;) sie variieren verschiedene Annahmen hinsichtlich der Rationalit\u00e4t der Individuen, ihrer wechselseitigen Abh\u00e4ngigkeiten und ihres Lernverm\u00f6gens aus eigenem und fremden Verhalten. Mit Hilfe eines eigens daf\u00fcr erstellten Computerprogramms simulieren sie m\u00f6gliche Evolutionspfade der sozialen Kooperation. Es zeigt sich, dass das Entstehen sozialer Kooperationen weniger eine Alles-oder-Nichts-Entwicklung ist, sondern vielmehr recht fragil und instabil von den Umgebungsbedingungen abh\u00e4ngt.&#8220;<\/p>\n<p><strong>S. Schenk &#8211; \u201eEvolution kooperativen Verhaltens\u201c (Buchtitel-Download)<\/strong><br \/>\n<em>(DUV Verlag)<\/em><br \/>\nDie Modellierung der \u00f6konomischen Realit\u00e4t mit Hilfe spieltheoretischer Instrumentarien hat an Bedeutung gewonnen. Insbesondere wurden Computersimulationen entwickelt, um die Entstehung von Kooperation zu beschreiben. Ausgehend von der Betrachtung der Simulationen von Axelrod, Coleman und Sch\u00fc\u00dfler entwickelt Stefan Schenk eigene Computersimulationen, die das Entstehen von Kooperation als Selbstorganisationsprozess von Individuen erkl\u00e4ren, die sich wechselseitig in ihrem Verhalten beeinflussen.<\/p>\n<\/div><div class=\"nav fusion-mobile-tab-nav\"><ul class=\"nav-tabs nav-justified\" role=\"tablist\" aria-orientation=\"horizontal\"><li  role=\"presentation\"><a class=\"tab-link\" data-toggle=\"tab\" role=\"tab\" aria-controls=\"tab-f893bb313ab0409d903\" aria-selected=\"false\" tabindex=\"-1\" id=\"mobile-fusion-tab-f893bb313ab0409d903\" href=\"#tab-f893bb313ab0409d903\"><h4 class=\"fusion-tab-heading\">Publikationen anderer Autoren mit inhaltlicher N\u00e4he<\/h4><\/a><\/li><\/ul><\/div><div class=\"tab-pane fade fusion-clearfix\" role=\"tabpanel\" tabindex=\"0\" aria-labelledby=\"fusion-tab-f893bb313ab0409d903\" id=\"tab-f893bb313ab0409d903\">\n<p><strong>Svenja Hofert \u2013 \u00abDer agile Kulturwandel \u2013 33 L\u00f6sungen f\u00fcr Ver\u00e4nderungen in Organisationen\u00bb<br \/>\n<\/strong>(SpringerGabler, 1. Auflage, 2018)<br \/>\nDas Buch zeigt anschaulich auf, wie ein agiler Kulturwandel in kleinen Schritten nachhaltig vorangetrieben werden kann.<\/p>\n<p><strong>Robert Kegan, Lisa Laskow Lahey \u2013 \u201cImmunity to Change: How to Overcome it and Unlock the Potential in Yourself and Your Organization<\/strong><br \/>\nKegan und Lahey beschreiben in ihrem Buch wie man \u00abAdaptiv challenges\u201d \u2013 pers\u00f6nliche Herausforderungen, bei welchen wir mit einem Fuss auf das Gaspedal, mit dem anderen Fuss auf das Bremspedal dr\u00fccken \u2013 erfolgreich meistern k\u00f6nnen.<\/p>\n<p><strong>Peter M. Senge &#8211; \u201eThe Fifth Discipline\u201c<\/strong><br \/>\n(Broadway Business, 2006)<br \/>\n\u201eIt has always been clear that there are no magic bullets for building learning organizations (&#8230;) Yet much has been learned and continues to be learned about creating work environments that produce inspired results and generate fun while doing so.\u201c (Peter Senge)<br \/>\nDas Buch \u201eThe Fifth Discipline\u201c besch\u00e4ftigt sich mit lernenden Organisation und den wesentlichen Disziplinen, die f\u00fcr eine leistungsstarke sich ver\u00e4ndernde Organisation essentiell sind.<\/p>\n<p><strong>C. Otto Scharmer &#8211; \u201eTheory U: Leading From The Future As It Emerges\u201c<\/strong><br \/>\n(Summary Overview, 2007)<br \/>\nDas Wesen, wie Menschen funktionieren und die wesentlichen Elemente, die zu tiefgreifenden sowie nachhaltigen Ver\u00e4nderungen f\u00fchren und in unserer Philosophie (V-Prinzip) verankert sind, finden sich auch in der Theory U von Scharmer.<\/p>\n<p><strong>David Bohm &#8211; \u201eDer Dialog\u201c<\/strong><br \/>\n(Klett-Cotta, Auflage 5, 2008)<br \/>\nEin Buch, welches den Dialog trefflich beschreibt und viel Hintergrund Informationen f\u00fcr gut gef\u00fchrte Dialoge bietet. Dieses Buch war auch f\u00fcr unsere Beratungsarbeit eine Inspiration.<\/p>\n<p>William Isaacs &#8211; \u201eDialog als Kunst gemeinsam zu denken\u201c<br \/>\n(EHP-Verlag Andreas Kohlhage, 2002)<br \/>\nDie Anwendbarkeit vom Dialog in der Praxis ist eine Kunst f\u00fcr sich. Dieses Buch bringt gerade diesen Aspekt dem Leser n\u00e4her. Die Einblicke in die Praxis des Dialogs sind f\u00fcr jeden hilfreich und daher empfehlen wir die Lekt\u00fcre dieses Buches.<\/p>\n<\/div><\/div><\/div><div class=\"fusion-clearfix\"><\/div><\/div><\/div><\/div><\/div><div class=\"fusion-fullwidth fullwidth-box fusion-builder-row-2 nonhundred-percent-fullwidth non-hundred-percent-height-scrolling contact-info-banner\" style=\"--awb-background-position:left top;--awb-border-sizes-top:0px;--awb-border-sizes-bottom:0px;--awb-border-sizes-left:0px;--awb-border-sizes-right:0px;--awb-border-radius-top-left:0px;--awb-border-radius-top-right:0px;--awb-border-radius-bottom-right:0px;--awb-border-radius-bottom-left:0px;--awb-padding-top:50px;--awb-padding-bottom:50px;--awb-background-color:#eeeeee;--awb-flex-wrap:wrap;\" ><div class=\"fusion-builder-row fusion-row\"><div class=\"fusion-layout-column fusion_builder_column fusion-builder-column-2 fusion_builder_column_1_3 1_3 fusion-one-third fusion-column-first\" style=\"--awb-bg-size:cover;width:30.6666%; margin-right: 4%;\"><div class=\"fusion-column-wrapper fusion-flex-column-wrapper-legacy\"><ul style=\"--awb-size:35px;--awb-iconcolor:#aaabad;--awb-line-height:59.5px;--awb-icon-width:59.5px;--awb-icon-height:59.5px;--awb-icon-margin:24.5px;--awb-content-margin:84px;\" class=\"fusion-checklist fusion-checklist-1 fusion-checklist-default type-icons\"><li class=\"fusion-li-item\" style=\"\"><span class=\"icon-wrapper circle-no\"><i class=\"fusion-li-icon fa-map far\" aria-hidden=\"true\"><\/i><\/span><div class=\"fusion-li-item-content\">\n<h3 class=\"contact-info-title\">ADRESSE<\/h3>\n<p class=\"contact-info-content\">WEITE GASSE 14<br \/>\n5400 BADEN<\/p>\n<\/div><\/li><\/ul><div class=\"fusion-clearfix\"><\/div><\/div><\/div><div class=\"fusion-layout-column fusion_builder_column fusion-builder-column-3 fusion_builder_column_1_3 1_3 fusion-one-third\" style=\"--awb-bg-size:cover;width:30.6666%; margin-right: 4%;\"><div class=\"fusion-column-wrapper fusion-flex-column-wrapper-legacy\"><ul style=\"--awb-size:35px;--awb-iconcolor:#aaabad;--awb-line-height:59.5px;--awb-icon-width:59.5px;--awb-icon-height:59.5px;--awb-icon-margin:24.5px;--awb-content-margin:84px;\" class=\"fusion-checklist fusion-checklist-2 fusion-checklist-default type-icons\"><li class=\"fusion-li-item\" style=\"\"><span class=\"icon-wrapper circle-no\"><i class=\"fusion-li-icon fa-envelope far\" aria-hidden=\"true\"><\/i><\/span><div class=\"fusion-li-item-content\">\n<h3 class=\"contact-info-title\">EMAIL<\/h3>\n<p class=\"contact-info-content\">INFO(at)INVEE.CH<\/p>\n<\/div><\/li><\/ul><div class=\"fusion-clearfix\"><\/div><\/div><\/div><div class=\"fusion-layout-column fusion_builder_column fusion-builder-column-4 fusion_builder_column_1_3 1_3 fusion-one-third fusion-column-last\" style=\"--awb-bg-size:cover;width:30.6666%;\"><div class=\"fusion-column-wrapper fusion-flex-column-wrapper-legacy\"><ul style=\"--awb-size:35px;--awb-iconcolor:#aaabad;--awb-line-height:59.5px;--awb-icon-width:59.5px;--awb-icon-height:59.5px;--awb-icon-margin:24.5px;--awb-content-margin:84px;\" class=\"fusion-checklist fusion-checklist-3 fusion-checklist-default type-icons\"><li class=\"fusion-li-item\" style=\"\"><span class=\"icon-wrapper circle-no\"><i class=\"fusion-li-icon fa fa-mobile\" aria-hidden=\"true\"><\/i><\/span><div class=\"fusion-li-item-content\">\n<h3 class=\"contact-info-title\">TELEFON \/ FAX<\/h3>\n<p class=\"contact-info-content\">T: +41 56 288 10 04<br \/>\nF: +41 56 288 10 05<\/p>\n<\/div><\/li><\/ul><div class=\"fusion-clearfix\"><\/div><\/div><\/div><\/div><\/div>\n<\/p>\n","protected":false},"excerpt":{"rendered":"","protected":false},"author":1,"featured_media":0,"parent":0,"menu_order":0,"comment_status":"closed","ping_status":"closed","template":"100-width.php","meta":{"inline_featured_image":false,"footnotes":""},"class_list":["post-17250","page","type-page","status-publish","hentry"],"_links":{"self":[{"href":"https:\/\/invee.ch\/index.php\/wp-json\/wp\/v2\/pages\/17250","targetHints":{"allow":["GET"]}}],"collection":[{"href":"https:\/\/invee.ch\/index.php\/wp-json\/wp\/v2\/pages"}],"about":[{"href":"https:\/\/invee.ch\/index.php\/wp-json\/wp\/v2\/types\/page"}],"author":[{"embeddable":true,"href":"https:\/\/invee.ch\/index.php\/wp-json\/wp\/v2\/users\/1"}],"replies":[{"embeddable":true,"href":"https:\/\/invee.ch\/index.php\/wp-json\/wp\/v2\/comments?post=17250"}],"version-history":[{"count":7,"href":"https:\/\/invee.ch\/index.php\/wp-json\/wp\/v2\/pages\/17250\/revisions"}],"predecessor-version":[{"id":17817,"href":"https:\/\/invee.ch\/index.php\/wp-json\/wp\/v2\/pages\/17250\/revisions\/17817"}],"wp:attachment":[{"href":"https:\/\/invee.ch\/index.php\/wp-json\/wp\/v2\/media?parent=17250"}],"curies":[{"name":"wp","href":"https:\/\/api.w.org\/{rel}","templated":true}]}}