{"id":16528,"date":"2015-10-22T13:27:08","date_gmt":"2015-10-22T11:27:08","guid":{"rendered":"http:\/\/icodesign.icodesign.ch\/?page_id=16528"},"modified":"2025-03-24T11:31:25","modified_gmt":"2025-03-24T10:31:25","slug":"teams-zusammenarbeit","status":"publish","type":"page","link":"https:\/\/invee.ch\/index.php\/beratungsfelder\/teams-zusammenarbeit\/","title":{"rendered":"Teams &amp; Zusammenarbeit"},"content":{"rendered":"<p><div class=\"fusion-fullwidth fullwidth-box fusion-builder-row-1 nonhundred-percent-fullwidth non-hundred-percent-height-scrolling\" style=\"--awb-background-position:left top;--awb-border-sizes-top:0px;--awb-border-sizes-bottom:0px;--awb-border-sizes-left:0px;--awb-border-sizes-right:0px;--awb-border-radius-top-left:0px;--awb-border-radius-top-right:0px;--awb-border-radius-bottom-right:0px;--awb-border-radius-bottom-left:0px;--awb-padding-top:60px;--awb-padding-bottom:40px;--awb-flex-wrap:wrap;\" ><div class=\"fusion-builder-row fusion-row\"><div class=\"fusion-layout-column fusion_builder_column fusion-builder-column-0 fusion_builder_column_1_1 1_1 fusion-one-full fusion-column-first fusion-column-last\" style=\"--awb-bg-size:cover;\"><div class=\"fusion-column-wrapper fusion-flex-column-wrapper-legacy\"><div class=\"fusion-text fusion-text-1\"><h2 class=\"cms-heading-inner\" style=\"font-size: 30px; color: #4b4e53; line-height: 36px; text-align: left; font-family: Open Sans; font-weight: 300; font-style: normal; text-transform: uppercase;\"><strong>TEAMS<\/strong> &amp; <span style=\"font-weight: 700 !important;\">ZUSAMMENARBEIT<\/span><\/h2>\n<\/div><div class=\"fusion-sep-clear\"><\/div><div class=\"fusion-separator fusion-clearfix linie\" style=\"float:left;margin-bottom:20px;width:100%;max-width:100px;\"><\/div><div class=\"fusion-sep-clear\"><\/div><div class=\"fusion-clearfix\"><\/div><\/div><\/div><div class=\"fusion-layout-column fusion_builder_column fusion-builder-column-1 fusion_builder_column_2_3 2_3 fusion-two-third fusion-column-first\" style=\"--awb-bg-size:cover;width:65.3333%; margin-right: 4%;\"><div class=\"fusion-column-wrapper fusion-flex-column-wrapper-legacy\"><div class=\"fusion-text fusion-text-2\" style=\"--awb-text-transform:none;\"><p>Insbesondere in Transformationen (organisatorisch und inhaltlich) m\u00fcssen \u00fcber Standorte und verschiedene Kulturen hinweg gemeinsam nachhaltige und erfolgreiche Ergebnisse erarbeitet werden. Die Ausrichtung auf die Aufgabe und ein koh\u00e4rentes Verhalten aller Teammitglieder oder gar einer ganzen Organisation ist die Basis f\u00fcr eine sich st\u00e4ndig verbessernde Zusammenarbeit.<br \/>\nDie modernen Arbeitsweisen (z.B. SAFe) fordern an den Schnittstelle Anpassungen und eine ver\u00e4nderte Zusammenarbeit.<\/p>\n<\/div><div class=\"fusion-text fusion-text-3\" style=\"--awb-text-transform:none;\"><p><strong>Unsere Themen:<\/strong><\/p>\n<ul>\n<li>Standort\u00fcbergreifende Zusammenarbeit (lokal &amp; global)<\/li>\n<li>\u2018Collaboration\u2019 an konfliktreichen Schnittstellen (Quality, Entwicklung, Security, Produktione etc.)<\/li>\n<li>Gestaltung passender Zusammenarbeitsmechanismen<\/li>\n<li>Kulturentwicklung in Teams &amp; Organisationen (z.B. Transformationen, inhaltliche Ver\u00e4nderungen)<\/li>\n<li>Know How &amp; Knowledge Sharing initiieren und nachhaltig festigen<\/li>\n<\/ul>\n<\/div><div class=\"fusion-clearfix\"><\/div><\/div><\/div><div class=\"fusion-layout-column fusion_builder_column fusion-builder-column-2 fusion_builder_column_1_3 1_3 fusion-one-third fusion-column-last\" style=\"--awb-bg-size:cover;width:30.6666%;\"><div class=\"fusion-column-wrapper fusion-flex-column-wrapper-legacy\"><div class=\"fusion-image-element in-legacy-container\" style=\"--awb-caption-title-font-family:var(--h2_typography-font-family);--awb-caption-title-font-weight:var(--h2_typography-font-weight);--awb-caption-title-font-style:var(--h2_typography-font-style);--awb-caption-title-size:var(--h2_typography-font-size);--awb-caption-title-transform:var(--h2_typography-text-transform);--awb-caption-title-line-height:var(--h2_typography-line-height);--awb-caption-title-letter-spacing:var(--h2_typography-letter-spacing);\"><span class=\" fusion-imageframe imageframe-none imageframe-1 hover-type-none\"><img decoding=\"async\" alt=\"TEAMS &amp; ZUSAMMENARBEIT\" src=\"https:\/\/invee.ch\/\/\/\/wp-content\/uploads\/2015\/08\/M7A59001.png\" class=\"img-responsive\"\/><\/span><\/div><div class=\"fusion-clearfix\"><\/div><\/div><\/div><\/div><\/div><div class=\"fusion-fullwidth fullwidth-box fusion-builder-row-2 nonhundred-percent-fullwidth non-hundred-percent-height-scrolling contact-info-banner\" style=\"--awb-background-position:left top;--awb-border-sizes-top:0px;--awb-border-sizes-bottom:0px;--awb-border-sizes-left:0px;--awb-border-sizes-right:0px;--awb-border-radius-top-left:0px;--awb-border-radius-top-right:0px;--awb-border-radius-bottom-right:0px;--awb-border-radius-bottom-left:0px;--awb-padding-top:50px;--awb-padding-bottom:50px;--awb-background-color:#eeeeee;--awb-flex-wrap:wrap;\" ><div class=\"fusion-builder-row fusion-row\"><div class=\"fusion-layout-column fusion_builder_column fusion-builder-column-3 fusion_builder_column_1_3 1_3 fusion-one-third fusion-column-first\" style=\"--awb-bg-size:cover;width:30.6666%; margin-right: 4%;\"><div class=\"fusion-column-wrapper fusion-flex-column-wrapper-legacy\"><ul style=\"--awb-size:35px;--awb-iconcolor:#aaabad;--awb-line-height:59.5px;--awb-icon-width:59.5px;--awb-icon-height:59.5px;--awb-icon-margin:24.5px;--awb-content-margin:84px;\" class=\"fusion-checklist fusion-checklist-1 fusion-checklist-default type-icons\"><li class=\"fusion-li-item\" style=\"\"><span class=\"icon-wrapper circle-no\"><i class=\"fusion-li-icon fa-map far\" aria-hidden=\"true\"><\/i><\/span><div class=\"fusion-li-item-content\">\n<h3 class=\"contact-info-title\">ADRESSE<\/h3>\n<p class=\"contact-info-content\">WEITE GASSE 14<br \/>\n5400 BADEN<\/p>\n<\/div><\/li><\/ul><div class=\"fusion-clearfix\"><\/div><\/div><\/div><div class=\"fusion-layout-column fusion_builder_column fusion-builder-column-4 fusion_builder_column_1_3 1_3 fusion-one-third\" style=\"--awb-bg-size:cover;width:30.6666%; margin-right: 4%;\"><div class=\"fusion-column-wrapper fusion-flex-column-wrapper-legacy\"><ul style=\"--awb-size:35px;--awb-iconcolor:#aaabad;--awb-line-height:59.5px;--awb-icon-width:59.5px;--awb-icon-height:59.5px;--awb-icon-margin:24.5px;--awb-content-margin:84px;\" class=\"fusion-checklist fusion-checklist-2 fusion-checklist-default type-icons\"><li class=\"fusion-li-item\" style=\"\"><span class=\"icon-wrapper circle-no\"><i class=\"fusion-li-icon fa-envelope far\" aria-hidden=\"true\"><\/i><\/span><div class=\"fusion-li-item-content\">\n<h3 class=\"contact-info-title\">EMAIL<\/h3>\n<p class=\"contact-info-content\">INFO(at)INVEE.CH<\/p>\n<\/div><\/li><\/ul><div class=\"fusion-clearfix\"><\/div><\/div><\/div><div class=\"fusion-layout-column fusion_builder_column fusion-builder-column-5 fusion_builder_column_1_3 1_3 fusion-one-third fusion-column-last\" style=\"--awb-bg-size:cover;width:30.6666%;\"><div class=\"fusion-column-wrapper fusion-flex-column-wrapper-legacy\"><ul style=\"--awb-size:35px;--awb-iconcolor:#aaabad;--awb-line-height:59.5px;--awb-icon-width:59.5px;--awb-icon-height:59.5px;--awb-icon-margin:24.5px;--awb-content-margin:84px;\" class=\"fusion-checklist fusion-checklist-3 fusion-checklist-default type-icons\"><li class=\"fusion-li-item\" style=\"\"><span class=\"icon-wrapper circle-no\"><i class=\"fusion-li-icon fa fa-mobile\" aria-hidden=\"true\"><\/i><\/span><div class=\"fusion-li-item-content\">\n<h3 class=\"contact-info-title\">TELEFON \/ FAX<\/h3>\n<p class=\"contact-info-content\">T: +41 56 288 10 04<br \/>\nF: +41 56 288 10 05<\/p>\n<\/div><\/li><\/ul><div class=\"fusion-clearfix\"><\/div><\/div><\/div><\/div><\/div>\n<\/p>\n","protected":false},"excerpt":{"rendered":"","protected":false},"author":1,"featured_media":0,"parent":17357,"menu_order":0,"comment_status":"closed","ping_status":"closed","template":"100-width.php","meta":{"inline_featured_image":false,"footnotes":""},"class_list":["post-16528","page","type-page","status-publish","hentry"],"_links":{"self":[{"href":"https:\/\/invee.ch\/index.php\/wp-json\/wp\/v2\/pages\/16528","targetHints":{"allow":["GET"]}}],"collection":[{"href":"https:\/\/invee.ch\/index.php\/wp-json\/wp\/v2\/pages"}],"about":[{"href":"https:\/\/invee.ch\/index.php\/wp-json\/wp\/v2\/types\/page"}],"author":[{"embeddable":true,"href":"https:\/\/invee.ch\/index.php\/wp-json\/wp\/v2\/users\/1"}],"replies":[{"embeddable":true,"href":"https:\/\/invee.ch\/index.php\/wp-json\/wp\/v2\/comments?post=16528"}],"version-history":[{"count":7,"href":"https:\/\/invee.ch\/index.php\/wp-json\/wp\/v2\/pages\/16528\/revisions"}],"predecessor-version":[{"id":17816,"href":"https:\/\/invee.ch\/index.php\/wp-json\/wp\/v2\/pages\/16528\/revisions\/17816"}],"up":[{"embeddable":true,"href":"https:\/\/invee.ch\/index.php\/wp-json\/wp\/v2\/pages\/17357"}],"wp:attachment":[{"href":"https:\/\/invee.ch\/index.php\/wp-json\/wp\/v2\/media?parent=16528"}],"curies":[{"name":"wp","href":"https:\/\/api.w.org\/{rel}","templated":true}]}}