{"id":16486,"date":"2015-10-22T12:10:11","date_gmt":"2015-10-22T10:10:11","guid":{"rendered":"http:\/\/icodesign.icodesign.ch\/?page_id=16486"},"modified":"2025-03-24T11:31:17","modified_gmt":"2025-03-24T10:31:17","slug":"strategie-kommunikation","status":"publish","type":"page","link":"https:\/\/invee.ch\/index.php\/beratungsfelder\/strategie-kommunikation\/","title":{"rendered":"Strategie &amp; Kommunikation"},"content":{"rendered":"<p><div class=\"fusion-fullwidth fullwidth-box fusion-builder-row-1 nonhundred-percent-fullwidth non-hundred-percent-height-scrolling\" style=\"--awb-background-position:left top;--awb-border-sizes-top:0px;--awb-border-sizes-bottom:0px;--awb-border-sizes-left:0px;--awb-border-sizes-right:0px;--awb-border-radius-top-left:0px;--awb-border-radius-top-right:0px;--awb-border-radius-bottom-right:0px;--awb-border-radius-bottom-left:0px;--awb-padding-top:60px;--awb-padding-bottom:40px;--awb-flex-wrap:wrap;\" ><div class=\"fusion-builder-row fusion-row\"><div class=\"fusion-layout-column fusion_builder_column fusion-builder-column-0 fusion_builder_column_1_1 1_1 fusion-one-full fusion-column-first fusion-column-last\" style=\"--awb-bg-size:cover;\"><div class=\"fusion-column-wrapper fusion-flex-column-wrapper-legacy\"><div class=\"fusion-text fusion-text-1\"><h2 class=\"cms-heading-inner\" style=\"font-size: 30px; color: #4b4e53; line-height: 36px; text-align: left; font-family: Open Sans; font-weight: 300; font-style: normal; text-transform: uppercase;\"><strong>STRATEGIE<\/strong> &amp; <strong>KOMMUNIKATION<\/strong><\/h2>\n<\/div><div class=\"fusion-sep-clear\"><\/div><div class=\"fusion-separator fusion-clearfix linie\" style=\"float:left;margin-bottom:20px;width:100%;max-width:100px;\"><\/div><div class=\"fusion-sep-clear\"><\/div><div class=\"fusion-clearfix\"><\/div><\/div><\/div><div class=\"fusion-layout-column fusion_builder_column fusion-builder-column-1 fusion_builder_column_2_3 2_3 fusion-two-third fusion-column-first\" style=\"--awb-bg-size:cover;width:65.3333%; margin-right: 4%;\"><div class=\"fusion-column-wrapper fusion-flex-column-wrapper-legacy\"><div class=\"fusion-text fusion-text-2\" style=\"--awb-text-transform:none;\"><p>Eine klare zukunftsorientierte Ausrichtung von Abteilungen sowie Unternehmensbereichen ist f\u00fcr die proaktive Gestaltung der Gesch\u00e4ftsentwicklung eine wesentliche Voraussetzung. Hierzu gilt es sich fr\u00fchzeitig genauso wie regelm\u00e4ssig im Managementteam auszutauschen und die Strategie festzulegen. Wir begleiten Ihre Abteilung bzw. Unternehmensbereich in der Strategieentwicklung genauso wie in der kurz- und mittelfristigen Ausrichtung.<\/p>\n<p>Die Kommunizierbarkeit von Ergebnissen sowie deren zielgruppengerechte Vermittlung ist stets wesentlicher Bestandteil unserer Arbeit. Dies gilt nicht nur hinsichtlich der Strategiekommunikation sondern auch f\u00fcr die Kommunikation von Ergenissen aus den Projekten jeglicher Art. Es gilt die Mitarbeitenden \u00fcber wichtige Aspekte informiert zu halten.<\/p>\n<p>Grunds\u00e4tzlich wird je nach Projektinhalt bereits in der Erarbeitung der Kommunikationsnotwendigkeit Rechnung getragen. Die Visualisierung von Inhalten spielt hierbei meist eine Schl\u00fcsselrolle.<\/p>\n<p>Insbesondere begleiten wir auch Leitungsteams in der Kommunikation zu eigenen Mitarbeitenden und dem Umfeld.<\/p>\n<\/div><div class=\"fusion-text fusion-text-3\" style=\"--awb-text-transform:none;\"><p><strong>Unsere Themen:<\/strong><\/p>\n<ul>\n<li>Verinnerlichte und kommunizierbare Abteilungs- und Bereichsstrategien sowie themenorientierte Strategien (z.B. Technologie)<\/li>\n<li>(J\u00e4hrliche) Strategieworkshops sowie Workshops im Leitungsteam (taktisch, strategisch)<\/li>\n<li>(Projektspezifische) Kommunikationsstrategien &amp; -unterst\u00fctzung (z.B. in schwierigen Situationen)<\/li>\n<li>Kommunikationsberatung im Kontext der Projekte bzw. Vorhaben sowie Konzeptionen<\/li>\n<li>Planung und Durchf\u00fchrung von Informationsveranstaltungen mit (fach)inhaltlichem Bezug<\/li>\n<li>Kommunikationsbegleitung in Projekten<\/li>\n<li>Projekt- und Selbstmarketing (von Bereichen und Teams)<\/li>\n<\/ul>\n<\/div><div class=\"fusion-clearfix\"><\/div><\/div><\/div><div class=\"fusion-layout-column fusion_builder_column fusion-builder-column-2 fusion_builder_column_1_3 1_3 fusion-one-third fusion-column-last\" style=\"--awb-bg-size:cover;width:30.6666%;\"><div class=\"fusion-column-wrapper fusion-flex-column-wrapper-legacy\"><div class=\"fusion-image-element in-legacy-container\" style=\"--awb-caption-title-font-family:var(--h2_typography-font-family);--awb-caption-title-font-weight:var(--h2_typography-font-weight);--awb-caption-title-font-style:var(--h2_typography-font-style);--awb-caption-title-size:var(--h2_typography-font-size);--awb-caption-title-transform:var(--h2_typography-text-transform);--awb-caption-title-line-height:var(--h2_typography-line-height);--awb-caption-title-letter-spacing:var(--h2_typography-letter-spacing);\"><span class=\" fusion-imageframe imageframe-none imageframe-1 hover-type-none\"><img decoding=\"async\" src=\"https:\/\/invee.ch\/\/\/\/wp-content\/uploads\/2015\/08\/M7A59431.jpg\" alt class=\"img-responsive\"\/><\/span><\/div><div class=\"fusion-clearfix\"><\/div><\/div><\/div><\/div><\/div><div class=\"fusion-fullwidth fullwidth-box fusion-builder-row-2 nonhundred-percent-fullwidth non-hundred-percent-height-scrolling contact-info-banner\" style=\"--awb-background-position:left top;--awb-border-sizes-top:0px;--awb-border-sizes-bottom:0px;--awb-border-sizes-left:0px;--awb-border-sizes-right:0px;--awb-border-radius-top-left:0px;--awb-border-radius-top-right:0px;--awb-border-radius-bottom-right:0px;--awb-border-radius-bottom-left:0px;--awb-padding-top:50px;--awb-padding-bottom:50px;--awb-background-color:#eeeeee;--awb-flex-wrap:wrap;\" ><div class=\"fusion-builder-row fusion-row\"><div class=\"fusion-layout-column fusion_builder_column fusion-builder-column-3 fusion_builder_column_1_3 1_3 fusion-one-third fusion-column-first\" style=\"--awb-bg-size:cover;width:30.6666%; margin-right: 4%;\"><div class=\"fusion-column-wrapper fusion-flex-column-wrapper-legacy\"><ul style=\"--awb-size:35px;--awb-iconcolor:#aaabad;--awb-line-height:59.5px;--awb-icon-width:59.5px;--awb-icon-height:59.5px;--awb-icon-margin:24.5px;--awb-content-margin:84px;\" class=\"fusion-checklist fusion-checklist-1 fusion-checklist-default type-icons\"><li class=\"fusion-li-item\" style=\"\"><span class=\"icon-wrapper circle-no\"><i class=\"fusion-li-icon fa-map far\" aria-hidden=\"true\"><\/i><\/span><div class=\"fusion-li-item-content\">\n<h3 class=\"contact-info-title\">ADRESSE<\/h3>\n<p class=\"contact-info-content\">WEITE GASSE 14<br \/>\n5400 BADEN<\/p>\n<\/div><\/li><\/ul><div class=\"fusion-clearfix\"><\/div><\/div><\/div><div class=\"fusion-layout-column fusion_builder_column fusion-builder-column-4 fusion_builder_column_1_3 1_3 fusion-one-third\" style=\"--awb-bg-size:cover;width:30.6666%; margin-right: 4%;\"><div class=\"fusion-column-wrapper fusion-flex-column-wrapper-legacy\"><ul style=\"--awb-size:35px;--awb-iconcolor:#aaabad;--awb-line-height:59.5px;--awb-icon-width:59.5px;--awb-icon-height:59.5px;--awb-icon-margin:24.5px;--awb-content-margin:84px;\" class=\"fusion-checklist fusion-checklist-2 fusion-checklist-default type-icons\"><li class=\"fusion-li-item\" style=\"\"><span class=\"icon-wrapper circle-no\"><i class=\"fusion-li-icon fa-envelope far\" aria-hidden=\"true\"><\/i><\/span><div class=\"fusion-li-item-content\">\n<h3 class=\"contact-info-title\">EMAIL<\/h3>\n<p class=\"contact-info-content\">INFO(at)INVEE.CH<\/p>\n<\/div><\/li><\/ul><div class=\"fusion-clearfix\"><\/div><\/div><\/div><div class=\"fusion-layout-column fusion_builder_column fusion-builder-column-5 fusion_builder_column_1_3 1_3 fusion-one-third fusion-column-last\" style=\"--awb-bg-size:cover;width:30.6666%;\"><div class=\"fusion-column-wrapper fusion-flex-column-wrapper-legacy\"><ul style=\"--awb-size:35px;--awb-iconcolor:#aaabad;--awb-line-height:59.5px;--awb-icon-width:59.5px;--awb-icon-height:59.5px;--awb-icon-margin:24.5px;--awb-content-margin:84px;\" class=\"fusion-checklist fusion-checklist-3 fusion-checklist-default type-icons\"><li class=\"fusion-li-item\" style=\"\"><span class=\"icon-wrapper circle-no\"><i class=\"fusion-li-icon fa fa-mobile\" aria-hidden=\"true\"><\/i><\/span><div class=\"fusion-li-item-content\">\n<h3 class=\"contact-info-title\">TELEFON \/ FAX<\/h3>\n<p class=\"contact-info-content\">T: +41 56 288 10 04<br \/>\nF: +41 56 288 10 05<\/p>\n<\/div><\/li><\/ul><div class=\"fusion-clearfix\"><\/div><\/div><\/div><\/div><\/div>\n<\/p>\n","protected":false},"excerpt":{"rendered":"","protected":false},"author":1,"featured_media":0,"parent":17357,"menu_order":0,"comment_status":"closed","ping_status":"closed","template":"100-width.php","meta":{"inline_featured_image":false,"footnotes":""},"class_list":["post-16486","page","type-page","status-publish","hentry"],"_links":{"self":[{"href":"https:\/\/invee.ch\/index.php\/wp-json\/wp\/v2\/pages\/16486","targetHints":{"allow":["GET"]}}],"collection":[{"href":"https:\/\/invee.ch\/index.php\/wp-json\/wp\/v2\/pages"}],"about":[{"href":"https:\/\/invee.ch\/index.php\/wp-json\/wp\/v2\/types\/page"}],"author":[{"embeddable":true,"href":"https:\/\/invee.ch\/index.php\/wp-json\/wp\/v2\/users\/1"}],"replies":[{"embeddable":true,"href":"https:\/\/invee.ch\/index.php\/wp-json\/wp\/v2\/comments?post=16486"}],"version-history":[{"count":7,"href":"https:\/\/invee.ch\/index.php\/wp-json\/wp\/v2\/pages\/16486\/revisions"}],"predecessor-version":[{"id":17813,"href":"https:\/\/invee.ch\/index.php\/wp-json\/wp\/v2\/pages\/16486\/revisions\/17813"}],"up":[{"embeddable":true,"href":"https:\/\/invee.ch\/index.php\/wp-json\/wp\/v2\/pages\/17357"}],"wp:attachment":[{"href":"https:\/\/invee.ch\/index.php\/wp-json\/wp\/v2\/media?parent=16486"}],"curies":[{"name":"wp","href":"https:\/\/api.w.org\/{rel}","templated":true}]}}