{"id":16370,"date":"2015-10-20T13:41:43","date_gmt":"2015-10-20T11:41:43","guid":{"rendered":"http:\/\/icodesign.icodesign.ch\/?page_id=16370"},"modified":"2025-03-24T11:33:17","modified_gmt":"2025-03-24T10:33:17","slug":"stefan-schenk-2","status":"publish","type":"page","link":"https:\/\/invee.ch\/index.php\/invee-ag-2\/stefan-schenk-2\/","title":{"rendered":"Stefan Schenk"},"content":{"rendered":"<p><div class=\"fusion-fullwidth fullwidth-box fusion-builder-row-1 nonhundred-percent-fullwidth non-hundred-percent-height-scrolling\" style=\"--awb-background-position:left top;--awb-border-sizes-top:0px;--awb-border-sizes-bottom:0px;--awb-border-sizes-left:0px;--awb-border-sizes-right:0px;--awb-border-radius-top-left:0px;--awb-border-radius-top-right:0px;--awb-border-radius-bottom-right:0px;--awb-border-radius-bottom-left:0px;--awb-padding-top:20px;--awb-padding-bottom:20px;--awb-flex-wrap:wrap;\" ><div class=\"fusion-builder-row fusion-row\"><div class=\"fusion-layout-column fusion_builder_column fusion-builder-column-0 fusion_builder_column_1_3 1_3 fusion-one-third fusion-column-first\" style=\"--awb-bg-size:cover;--awb-margin-top:60px;width:30.6666%; margin-right: 4%;\"><div class=\"fusion-column-wrapper fusion-flex-column-wrapper-legacy\"><div class=\"fusion-image-element in-legacy-container\" style=\"--awb-caption-title-font-family:var(--h2_typography-font-family);--awb-caption-title-font-weight:var(--h2_typography-font-weight);--awb-caption-title-font-style:var(--h2_typography-font-style);--awb-caption-title-size:var(--h2_typography-font-size);--awb-caption-title-transform:var(--h2_typography-text-transform);--awb-caption-title-line-height:var(--h2_typography-line-height);--awb-caption-title-letter-spacing:var(--h2_typography-letter-spacing);\"><span class=\" fusion-imageframe imageframe-none imageframe-1 hover-type-none\"><img decoding=\"async\" width=\"400\" height=\"300\" title=\"IMG_0567-2-400&#215;300\" src=\"https:\/\/invee.ch\/wp-content\/uploads\/2022\/11\/IMG_0567-2-400x300-1.png\" alt class=\"img-responsive wp-image-17775\" srcset=\"https:\/\/invee.ch\/wp-content\/uploads\/2022\/11\/IMG_0567-2-400x300-1-200x150.png 200w, https:\/\/invee.ch\/wp-content\/uploads\/2022\/11\/IMG_0567-2-400x300-1.png 400w\" sizes=\"(max-width: 800px) 100vw, 400px\" \/><\/span><\/div><div class=\"fusion-sep-clear\"><\/div><div class=\"fusion-separator fusion-full-width-sep\" style=\"margin-left: auto;margin-right: auto;margin-top:20px;width:100%;\"><\/div><div class=\"fusion-sep-clear\"><\/div><div class=\"fusion-text fusion-text-1\"><p><em class=\"spruch\">\u201eLernen von anderen Branchen und die \u00dcbertragung von Erfahrungen ist f\u00fcr mich gelebte t\u00e4gliche Beratungspraxis.\u201c<\/em><\/p>\n<\/div><div class=\"fusion-clearfix\"><\/div><\/div><\/div><div class=\"fusion-layout-column fusion_builder_column fusion-builder-column-1 fusion_builder_column_2_3 2_3 fusion-two-third fusion-column-last\" style=\"--awb-bg-size:cover;--awb-margin-top:60px;--awb-margin-bottom:60px;width:65.3333%;\"><div class=\"fusion-column-wrapper fusion-flex-column-wrapper-legacy\"><div class=\"fusion-text fusion-text-2\"><h2 class=\"cms-heading-inner\" style=\"font-size: 30px; color: #4b4e53; line-height: 36px; text-align: left; font-family: Open Sans; font-weight: 300; font-style: normal; text-transform: uppercase;\">Stefan <span style=\"font-weight: 700 !important;\">Schenk<\/span><\/h2>\n<\/div><div class=\"fusion-sep-clear\"><\/div><div class=\"fusion-separator fusion-full-width-sep\" style=\"margin-left: auto;margin-right: auto;margin-top:20px;width:100%;\"><\/div><div class=\"fusion-sep-clear\"><\/div><div class=\"fusion-text fusion-text-3\"><h3 class=\"team-seite\"><strong>Dipl. \u00d6konom, Executive MBA HSG, Dipl. Coach &amp; Trainer ECA<\/strong><\/h3>\n<p>Seit mehr als 30 Jahren bin ich in der Unternehmensberatung im Bereich des Informationsmanagements bei Finanzdienstleistern sowie im Industrieumfeld zu Hause. Bei meiner Beratung ist es mir wichtig, pragmatische L\u00f6sungen zu finden, dabei die Menschen zu motivieren und auf die Umsetzungsreise mitzunehmen. Die Kombination aus Inhalten und psychologischen Aspekten macht meine Arbeit so spannend. Die Anwendung von Coachingformaten in der inhaltlichen Beratungsarbeit hat mir gezeigt, dass tiefgreifende und nachhaltige Ver\u00e4nderungen m\u00f6glich sind.<\/p>\n<p><strong>Inhaltliche Schwerpunkte:<\/strong><\/p>\n<ul>\n<li>Strategieentwicklung (IT, Sourcing, Bereichs- und Abteilungsstrategien)<\/li>\n<li>Organisationsgestaltung und Unternehmenskonzeptionen<\/li>\n<li>Prozessmanagement<\/li>\n<li>Kommunikationskonzepte und Veranstaltungsdesign<\/li>\n<li>Innovationsmanagement<\/li>\n<li>Standort\u00fcbergreifende Zusammenarbeit<\/li>\n<li>IT-Governance<\/li>\n<li>Programm-Management<\/li>\n<li>Change Management<\/li>\n<li>Einzelcoaching und Teamentwicklung<\/li>\n<\/ul>\n<\/div><div class=\"fusion-text fusion-text-4\"><p><strong>Stationen:<\/strong><\/p>\n<ul>\n<li>Senior Management Consultant bei Z\u00fchlke Engineering AG in Schlieren (Schweiz)<\/li>\n<li>Gesch\u00e4ftsf\u00fchrer der plenum Institut GmbH (Deutschland)<\/li>\n<li>Assistent des Vorstandsprechers der plenum AG in Wiesbaden (Deutschland)<\/li>\n<li>Consultant und Leitung Informationsmanagement bei der<br \/>\nplenum Management Consulting GmbH (Deutschland)<\/li>\n<li>Research Fellow an der Wharton Business School, Philadelphia (USA)<\/li>\n<li>Research Austauschaufenthalte an der UC Berkeley, San Francisco (USA)<br \/>\nund Universit\u00e4t St. Gallen (HSG)<\/li>\n<\/ul>\n<\/div><div class=\"fusion-clearfix\"><\/div><\/div><\/div><\/div><\/div><div class=\"fusion-fullwidth fullwidth-box fusion-builder-row-2 nonhundred-percent-fullwidth non-hundred-percent-height-scrolling contact-info-banner\" style=\"--awb-background-position:left top;--awb-border-sizes-top:0px;--awb-border-sizes-bottom:0px;--awb-border-sizes-left:0px;--awb-border-sizes-right:0px;--awb-border-radius-top-left:0px;--awb-border-radius-top-right:0px;--awb-border-radius-bottom-right:0px;--awb-border-radius-bottom-left:0px;--awb-padding-top:50px;--awb-padding-bottom:50px;--awb-background-color:#eeeeee;--awb-flex-wrap:wrap;\" ><div class=\"fusion-builder-row fusion-row\"><div class=\"fusion-layout-column fusion_builder_column fusion-builder-column-2 fusion_builder_column_1_3 1_3 fusion-one-third fusion-column-first\" style=\"--awb-bg-size:cover;width:30.6666%; margin-right: 4%;\"><div class=\"fusion-column-wrapper fusion-flex-column-wrapper-legacy\"><ul style=\"--awb-size:35px;--awb-iconcolor:#aaabad;--awb-line-height:59.5px;--awb-icon-width:59.5px;--awb-icon-height:59.5px;--awb-icon-margin:24.5px;--awb-content-margin:84px;\" class=\"fusion-checklist fusion-checklist-1 fusion-checklist-default type-icons\"><li class=\"fusion-li-item\" style=\"\"><span class=\"icon-wrapper circle-no\"><i class=\"fusion-li-icon fa-map far\" aria-hidden=\"true\"><\/i><\/span><div class=\"fusion-li-item-content\">\n<h3 class=\"contact-info-title\">ADRESSE<\/h3>\n<p class=\"contact-info-content\">WEITE GASSE 14<br \/>\n5400 BADEN<\/p>\n<\/div><\/li><\/ul><div class=\"fusion-clearfix\"><\/div><\/div><\/div><div class=\"fusion-layout-column fusion_builder_column fusion-builder-column-3 fusion_builder_column_1_3 1_3 fusion-one-third\" style=\"--awb-bg-size:cover;width:30.6666%; margin-right: 4%;\"><div class=\"fusion-column-wrapper fusion-flex-column-wrapper-legacy\"><ul style=\"--awb-size:35px;--awb-iconcolor:#aaabad;--awb-line-height:59.5px;--awb-icon-width:59.5px;--awb-icon-height:59.5px;--awb-icon-margin:24.5px;--awb-content-margin:84px;\" class=\"fusion-checklist fusion-checklist-2 fusion-checklist-default type-icons\"><li class=\"fusion-li-item\" style=\"\"><span class=\"icon-wrapper circle-no\"><i class=\"fusion-li-icon fa-envelope far\" aria-hidden=\"true\"><\/i><\/span><div class=\"fusion-li-item-content\">\n<h3 class=\"contact-info-title\">EMAIL<\/h3>\n<p class=\"contact-info-content\">INFO(at)INVEE.CH<\/p>\n<\/div><\/li><\/ul><div class=\"fusion-clearfix\"><\/div><\/div><\/div><div class=\"fusion-layout-column fusion_builder_column fusion-builder-column-4 fusion_builder_column_1_3 1_3 fusion-one-third fusion-column-last\" style=\"--awb-bg-size:cover;width:30.6666%;\"><div class=\"fusion-column-wrapper fusion-flex-column-wrapper-legacy\"><ul style=\"--awb-size:35px;--awb-iconcolor:#aaabad;--awb-line-height:59.5px;--awb-icon-width:59.5px;--awb-icon-height:59.5px;--awb-icon-margin:24.5px;--awb-content-margin:84px;\" class=\"fusion-checklist fusion-checklist-3 fusion-checklist-default type-icons\"><li class=\"fusion-li-item\" style=\"\"><span class=\"icon-wrapper circle-no\"><i class=\"fusion-li-icon fa fa-mobile\" aria-hidden=\"true\"><\/i><\/span><div class=\"fusion-li-item-content\">\n<h3 class=\"contact-info-title\">TELEFON \/ FAX<\/h3>\n<p class=\"contact-info-content\">T: +41 56 288 10 04<br \/>\nF: +41 56 288 10 05<\/p>\n<\/div><\/li><\/ul><div class=\"fusion-clearfix\"><\/div><\/div><\/div><\/div><\/div>\n<\/p>\n","protected":false},"excerpt":{"rendered":"","protected":false},"author":1,"featured_media":0,"parent":16595,"menu_order":0,"comment_status":"closed","ping_status":"closed","template":"100-width.php","meta":{"inline_featured_image":false,"footnotes":""},"class_list":["post-16370","page","type-page","status-publish","hentry"],"_links":{"self":[{"href":"https:\/\/invee.ch\/index.php\/wp-json\/wp\/v2\/pages\/16370","targetHints":{"allow":["GET"]}}],"collection":[{"href":"https:\/\/invee.ch\/index.php\/wp-json\/wp\/v2\/pages"}],"about":[{"href":"https:\/\/invee.ch\/index.php\/wp-json\/wp\/v2\/types\/page"}],"author":[{"embeddable":true,"href":"https:\/\/invee.ch\/index.php\/wp-json\/wp\/v2\/users\/1"}],"replies":[{"embeddable":true,"href":"https:\/\/invee.ch\/index.php\/wp-json\/wp\/v2\/comments?post=16370"}],"version-history":[{"count":6,"href":"https:\/\/invee.ch\/index.php\/wp-json\/wp\/v2\/pages\/16370\/revisions"}],"predecessor-version":[{"id":17812,"href":"https:\/\/invee.ch\/index.php\/wp-json\/wp\/v2\/pages\/16370\/revisions\/17812"}],"up":[{"embeddable":true,"href":"https:\/\/invee.ch\/index.php\/wp-json\/wp\/v2\/pages\/16595"}],"wp:attachment":[{"href":"https:\/\/invee.ch\/index.php\/wp-json\/wp\/v2\/media?parent=16370"}],"curies":[{"name":"wp","href":"https:\/\/api.w.org\/{rel}","templated":true}]}}